{"id":260,"date":"2025-03-28T12:43:09","date_gmt":"2025-03-28T12:43:09","guid":{"rendered":"https:\/\/leco-lager.com\/unternehmen\/"},"modified":"2025-04-28T12:16:44","modified_gmt":"2025-04-28T12:16:44","slug":"entreprise","status":"publish","type":"page","link":"https:\/\/leco-lager.com\/fr\/entreprise\/","title":{"rendered":"Entreprise"},"content":{"rendered":"\n<section class=\"block-1-freier-text\" style=\" padding-top: rem; padding-bottom: rem;\">\n\t\t<div class=\"row\">\n\t\t<div class=\"col-xs-12\">\n\t\t\t<div class=\"textWrap\">\n\t\t\t\t<header>\n<header>\n<h1><strong>Entreprise<\/strong><\/h1>\n<\/header>\n<div class=\"itemBody\">\n<div class=\"itemFullText\">Nous sommes une entreprise \u00e0 Turgi pr\u00e8s de Baden AG et nous offrons des solutions dans les trois domaines suivants: :<\/p>\n<p><strong>APPUIS<\/strong>:<br \/>\nVibrations, son solidien, appuis pour b\u00e2timents et appuis pour ponts. Nous sommes sp\u00e9cialis\u00e9s dans le domaine des appuis anti-vibratoires des b\u00e2timents, ponts, chemins de fer et des machines.<\/p>\n<p><strong>PROFILES<\/strong>:<br \/>\nSyst\u00e8mes de profil\u00e9s, profil\u00e9s de joints et de diletation. Nous nous sommes sp\u00e9cialis\u00e9s\u00a0dans le domaine\u00a0des profil\u00e9s pour joints: profil\u00e9s des rues, des stades, des entreprises industrielles et des gares &#8211; nous disposons d&rsquo;un profil\u00e9 qui s&rsquo;adapte \u00e0 l&rsquo;architecture.<\/p>\n<p><strong>ACOUSTIC:<\/strong><br \/>\nNous proposons des solutions\u00a0concernant la protection contre la propagation des sons et le bruit, l&rsquo;isolation et l\u2019absorption sonores ainsi que l&rsquo;acoustique (y compris les mesures acoustiques et interpr\u00e9tations ainsi que l&rsquo;assemblage) dans des environnements r\u00e9sidentiels, commerciaux et industriels.<\/p>\n<p><strong>LeCo Lagertechnik AG, vous recevez tout d&rsquo;un seul tenant:<\/strong><br \/>\nNous conseillons, pr\u00e9voyons, d\u00e9veloppons, concevons, fabriquons et assemblons. Si le soutien personnel, un service fiable, efficacit\u00e9 et qualit\u00e9 techniques produits sont importants pour vous, vous trouvez un partenaire qualifi\u00e9 en nous.<\/div>\n<\/div>\n<\/header>\n\t\t\t<\/div>\n\t\t<\/div>\n\t<\/div>\n<\/section>\n\n \n","protected":false},"excerpt":{"rendered":"","protected":false},"author":2,"featured_media":0,"parent":0,"menu_order":0,"comment_status":"closed","ping_status":"closed","template":"","meta":{"_acf_changed":false,"footnotes":""},"categories":[12],"class_list":["post-260","page","type-page","status-publish","hentry","category-fugen-fr"],"acf":[],"_links":{"self":[{"href":"https:\/\/leco-lager.com\/fr\/wp-json\/wp\/v2\/pages\/260","targetHints":{"allow":["GET"]}}],"collection":[{"href":"https:\/\/leco-lager.com\/fr\/wp-json\/wp\/v2\/pages"}],"about":[{"href":"https:\/\/leco-lager.com\/fr\/wp-json\/wp\/v2\/types\/page"}],"author":[{"embeddable":true,"href":"https:\/\/leco-lager.com\/fr\/wp-json\/wp\/v2\/users\/2"}],"replies":[{"embeddable":true,"href":"https:\/\/leco-lager.com\/fr\/wp-json\/wp\/v2\/comments?post=260"}],"version-history":[{"count":5,"href":"https:\/\/leco-lager.com\/fr\/wp-json\/wp\/v2\/pages\/260\/revisions"}],"predecessor-version":[{"id":287,"href":"https:\/\/leco-lager.com\/fr\/wp-json\/wp\/v2\/pages\/260\/revisions\/287"}],"wp:attachment":[{"href":"https:\/\/leco-lager.com\/fr\/wp-json\/wp\/v2\/media?parent=260"}],"wp:term":[{"taxonomy":"category","embeddable":true,"href":"https:\/\/leco-lager.com\/fr\/wp-json\/wp\/v2\/categories?post=260"}],"curies":[{"name":"wp","href":"https:\/\/api.w.org\/{rel}","templated":true}]}}