{"id":259,"date":"2025-03-26T16:50:34","date_gmt":"2025-03-26T16:50:34","guid":{"rendered":"https:\/\/leco-lager.com\/lager\/"},"modified":"2025-03-28T14:15:17","modified_gmt":"2025-03-28T14:15:17","slug":"appuis","status":"publish","type":"page","link":"https:\/\/leco-lager.com\/fr\/appuis\/","title":{"rendered":"Appuis"},"content":{"rendered":"\n<section class=\"block-1-freier-text\" style=\" padding-top: rem; padding-bottom: rem;\">\n\t\t<div class=\"row\">\n\t\t<div class=\"col-xs-12\">\n\t\t\t<div class=\"textWrap\">\n\t\t\t\t<h1 data-sourcepos=\"3:1-3:46\"><strong>Appui anti-vibratoire &amp; Bruit Solidien<\/strong><\/h1>\n<p data-sourcepos=\"5:1-5:727\">Nous proposons deux alternatives pour le d\u00e9couplage de b\u00e2timents et de machines : le d\u00e9couplage ponctuel avec le bloc d&rsquo;isolation LeCo D\u00e4mmblock NRS de b\u00e2timents, parties de b\u00e2timents ou machines en cas de sources de perturbation telles que les installations ferroviaires, les sites de production et les chemins de roulement de grues, ainsi que le d\u00e9couplage surfacique des parties de b\u00e2timents avec VIBRANON\u00ae, o\u00f9 les charges surfaciques doivent \u00eatre adapt\u00e9es de mani\u00e8re optimale aux fr\u00e9quences d&rsquo;excitation. De plus, nous proposons le Rubloc\u00ae Trisolator, un amortisseur de vibrations polyvalent pour r\u00e9duire les vibrations et le bruit solidien sous les machines et les installations gr\u00e2ce \u00e0 son syst\u00e8me \u00e9lastom\u00e8re multicouche.<\/p>\n\t\t\t<\/div>\n\t\t<\/div>\n\t<\/div>\n<\/section>\n\n \n\n\n\n<section class=\"block-2-bilder-mit-link\" style=\" padding-top: rem; padding-bottom: rem;\">\n\t\t<div class=\"flexRow\">\n\t\t\t\t\t\t<div class=\"col-xs-12 col-md-6 col-xl-4\">\n\t\t\t\t\t\t\t\t\t\t\t<a href=\"#\" target=\"_self\">\n\t\t\t\t\t\t\t\t\t\t\t\t<div class=\"imgTitle\">\n\t\t\t\t\t\t\t\tBloc amortisseur\t\t\t\t\t\t\t<\/div>\n\t\t\t\t\t\t\t<div class=\"imgWrap\">\n\t\t\t\t\t\t\t\t\t\t\t\t\t\t\t\t<img decoding=\"async\" src=\"https:\/\/leco-lager.com\/wp-content\/uploads\/2025\/03\/Dammblock4.jpg\" alt=\"\">\n\t\t\t\t\t\t\t<\/div>\n\t\t\t\t\t\t\t\t\t\t\t<\/a>\n\t\t\t\t\t\t\t\t\t<\/div>\t\n\t\t\t\t\t\t\t<div class=\"col-xs-12 col-md-6 col-xl-4\">\n\t\t\t\t\t\t\t\t\t\t\t<a href=\"#\" target=\"_self\">\n\t\t\t\t\t\t\t\t\t\t\t\t<div class=\"imgTitle\">\n\t\t\t\t\t\t\t\tVibranon\t\t\t\t\t\t\t<\/div>\n\t\t\t\t\t\t\t<div class=\"imgWrap\">\n\t\t\t\t\t\t\t\t\t\t\t\t\t\t\t\t<img decoding=\"async\" src=\"https:\/\/leco-lager.com\/wp-content\/uploads\/2025\/03\/Vibranon_Ubersicht.jpg\" alt=\"\">\n\t\t\t\t\t\t\t<\/div>\n\t\t\t\t\t\t\t\t\t\t\t<\/a>\n\t\t\t\t\t\t\t\t\t<\/div>\t\n\t\t\t\t\t\t\t<div class=\"col-xs-12 col-md-6 col-xl-4\">\n\t\t\t\t\t\t\t\t\t\t\t<a href=\"#\" target=\"_self\">\n\t\t\t\t\t\t\t\t\t\t\t\t<div class=\"imgTitle\">\n\t\t\t\t\t\t\t\tTrisolator\t\t\t\t\t\t\t<\/div>\n\t\t\t\t\t\t\t<div class=\"imgWrap\">\n\t\t\t\t\t\t\t\t\t\t\t\t\t\t\t\t<img decoding=\"async\" src=\"https:\/\/leco-lager.com\/wp-content\/uploads\/2025\/03\/RUBLOC-Trisolator.png\" alt=\"\">\n\t\t\t\t\t\t\t<\/div>\n\t\t\t\t\t\t\t\t\t\t\t<\/a>\n\t\t\t\t\t\t\t\t\t<\/div>\t\n\t\t\t\t<\/div>\n<\/section>\n\n \n\n\n<section class=\"block-1-freier-text\" style=\" padding-top: rem; padding-bottom: rem;\">\n\t\t<div class=\"row\">\n\t\t<div class=\"col-xs-12\">\n\t\t\t<div class=\"textWrap\">\n\t\t\t\t<h1 data-sourcepos=\"3:1-3:47\"><strong>Appuis pour B\u00e2timents &amp; Appuis de Ponts<\/strong><\/h1>\n<p data-sourcepos=\"5:1-5:612\">Des appuis et des structures de transition fiables sont essentiels \u00e0 la stabilit\u00e9 des ouvrages de construction. Notre offre comprend des appuis pour b\u00e2timents de haute qualit\u00e9 pour la r\u00e9partition des charges et la compensation des mouvements, des appuis de ponts pour une s\u00e9curit\u00e9 maximale, ainsi que des joints de chauss\u00e9e et des joints pour des transitions en douceur. Pour des exigences statiques sp\u00e9cifiques, nous proposons des appuis non arm\u00e9s, \u00e9conomiques et flexibles, id\u00e9aux pour les constructions en acier, en bois et massives, qui combinent la transmission des charges avec l&rsquo;absorption des mouvements.<\/p>\n\t\t\t<\/div>\n\t\t<\/div>\n\t<\/div>\n<\/section>\n\n \n\n\n\n<section class=\"block-2-bilder-mit-link\" style=\" padding-top: rem; padding-bottom: rem;\">\n\t\t<div class=\"flexRow\">\n\t\t\t\t\t\t<div class=\"col-xs-12 col-md-6 col-xl-4\">\n\t\t\t\t\t\t\t\t\t\t\t<a href=\"#\" target=\"_self\">\n\t\t\t\t\t\t\t\t\t\t\t\t<div class=\"imgTitle\">\n\t\t\t\t\t\t\t\tAppuis de ponts\t\t\t\t\t\t\t<\/div>\n\t\t\t\t\t\t\t<div class=\"imgWrap\">\n\t\t\t\t\t\t\t\t\t\t\t\t\t\t\t\t<img decoding=\"async\" src=\"https:\/\/leco-lager.com\/wp-content\/uploads\/2025\/03\/brueckenlager_ubersicht.png\" alt=\"\">\n\t\t\t\t\t\t\t<\/div>\n\t\t\t\t\t\t\t\t\t\t\t<\/a>\n\t\t\t\t\t\t\t\t\t<\/div>\t\n\t\t\t\t\t\t\t<div class=\"col-xs-12 col-md-6 col-xl-4\">\n\t\t\t\t\t\t\t\t\t\t\t<a href=\"#\" target=\"_self\">\n\t\t\t\t\t\t\t\t\t\t\t\t<div class=\"imgTitle\">\n\t\t\t\t\t\t\t\tJoints de chauss\u00e9e\t\t\t\t\t\t\t<\/div>\n\t\t\t\t\t\t\t<div class=\"imgWrap\">\n\t\t\t\t\t\t\t\t\t\t\t\t\t\t\t\t<img decoding=\"async\" src=\"https:\/\/leco-lager.com\/wp-content\/uploads\/2025\/03\/Fahrbahnubergange_Ubersicht.jpg\" alt=\"\">\n\t\t\t\t\t\t\t<\/div>\n\t\t\t\t\t\t\t\t\t\t\t<\/a>\n\t\t\t\t\t\t\t\t\t<\/div>\t\n\t\t\t\t\t\t\t<div class=\"col-xs-12 col-md-6 col-xl-4\">\n\t\t\t\t\t\t\t\t\t\t\t<a href=\"https:\/\/esz-becker.de\/esz-typ-150\/\" target=\"_blank\">\n\t\t\t\t\t\t\t\t\t\t\t\t<div class=\"imgTitle\">\n\t\t\t\t\t\t\t\tAppui \u00e9lastom\u00e8re non arm\u00e9\t\t\t\t\t\t\t<\/div>\n\t\t\t\t\t\t\t<div class=\"imgWrap\">\n\t\t\t\t\t\t\t\t\t\t\t\t\t\t\t\t<img decoding=\"async\" src=\"https:\/\/leco-lager.com\/wp-content\/uploads\/2025\/03\/Unbewehrte_Lager_Ubersicht.png\" alt=\"\">\n\t\t\t\t\t\t\t<\/div>\n\t\t\t\t\t\t\t\t\t\t\t<\/a>\n\t\t\t\t\t\t\t\t\t<\/div>\t\n\t\t\t\t<\/div>\n<\/section>\n\n ","protected":false},"excerpt":{"rendered":"","protected":false},"author":2,"featured_media":0,"parent":0,"menu_order":0,"comment_status":"closed","ping_status":"closed","template":"","meta":{"_acf_changed":false,"footnotes":""},"categories":[13],"class_list":["post-259","page","type-page","status-publish","hentry","category-lager-fr"],"acf":[],"_links":{"self":[{"href":"https:\/\/leco-lager.com\/fr\/wp-json\/wp\/v2\/pages\/259","targetHints":{"allow":["GET"]}}],"collection":[{"href":"https:\/\/leco-lager.com\/fr\/wp-json\/wp\/v2\/pages"}],"about":[{"href":"https:\/\/leco-lager.com\/fr\/wp-json\/wp\/v2\/types\/page"}],"author":[{"embeddable":true,"href":"https:\/\/leco-lager.com\/fr\/wp-json\/wp\/v2\/users\/2"}],"replies":[{"embeddable":true,"href":"https:\/\/leco-lager.com\/fr\/wp-json\/wp\/v2\/comments?post=259"}],"version-history":[{"count":7,"href":"https:\/\/leco-lager.com\/fr\/wp-json\/wp\/v2\/pages\/259\/revisions"}],"predecessor-version":[{"id":297,"href":"https:\/\/leco-lager.com\/fr\/wp-json\/wp\/v2\/pages\/259\/revisions\/297"}],"wp:attachment":[{"href":"https:\/\/leco-lager.com\/fr\/wp-json\/wp\/v2\/media?parent=259"}],"wp:term":[{"taxonomy":"category","embeddable":true,"href":"https:\/\/leco-lager.com\/fr\/wp-json\/wp\/v2\/categories?post=259"}],"curies":[{"name":"wp","href":"https:\/\/api.w.org\/{rel}","templated":true}]}}