{"id":256,"date":"2025-03-28T12:33:24","date_gmt":"2025-03-28T12:33:24","guid":{"rendered":"https:\/\/leco-lager.com\/datenschutz\/"},"modified":"2025-03-28T13:38:29","modified_gmt":"2025-03-28T13:38:29","slug":"politique-de-confidentialite","status":"publish","type":"page","link":"https:\/\/leco-lager.com\/fr\/politique-de-confidentialite\/","title":{"rendered":"Politique de Confidentialit\u00e9"},"content":{"rendered":"\n<section class=\"block-1-freier-text\" style=\" padding-top: rem; padding-bottom: rem;\">\n\t\t<div class=\"row\">\n\t\t<div class=\"col-xs-12\">\n\t\t\t<div class=\"textWrap\">\n\t\t\t\t<h1 data-sourcepos=\"1:1-1:31\"><strong>Politique de Confidentialit\u00e9<\/strong><\/h1>\n<p data-sourcepos=\"2:1-4:13\">LeCo Lagertechnik AG Spinnereistrasse 5 CH-5300 Turgi<\/p>\n<p data-sourcepos=\"6:1-7:39\">Derni\u00e8re mise \u00e0 jour : 28 mars 2025 Date d&rsquo;entr\u00e9e en vigueur : 28 mars 2025<\/p>\n<p data-sourcepos=\"9:1-9:552\">Cette Politique de Confidentialit\u00e9 d\u00e9crit les directives de LeCo Lagertechnik AG, Spinnereistrasse 5, CH-5300 Turgi, <span class=\"citation-0\">concernant la collecte, l&rsquo;utilisation et la divulgation de vos <\/span><span class=\"citation-0 citation-1 citation-end-0\">informations que nous recueillons lorsque vous utilisez notre site web.<\/span><span class=\"citation-1\"> En acc\u00e9dant au Service ou en l&rsquo;utilisant, <\/span><span class=\"citation-1 citation-2 citation-end-1\">vous consentez \u00e0 la collecte, \u00e0 l&rsquo;utilisation et \u00e0 la divulgation de vos informations<\/span><span class=\"citation-2\"> conform\u00e9ment \u00e0 cette Politique <\/span><span class=\"citation-2 citation-3 citation-end-2\">de Confidentialit\u00e9. Si<\/span><span class=\"citation-3\"> vous n&rsquo;y consentez pas, veuillez ne pas acc\u00e9der au Service ni l&rsquo;utiliser.<\/span><\/p>\n<p data-sourcepos=\"11:1-11:536\"><span class=\"citation-3 citation-4 citation-end-3\">Nous pouvons modifier cette Politique de Confidentialit\u00e9 \u00e0 tout moment<\/span><span class=\"citation-4\"> sans vous en informer au pr\u00e9alable et publierons <\/span><span class=\"citation-4 citation-5 citation-end-4\">la Politique de Confidentialit\u00e9 r\u00e9vis\u00e9e sur le Service. La politique r\u00e9vis\u00e9e<\/span><span class=\"citation-5 citation-end-5\"> entrera en vigueur 180 jours apr\u00e8s sa publication sur le Service, et votre<\/span> utilisation continue du Service ou votre acc\u00e8s \u00e0 celui-ci apr\u00e8s cette p\u00e9riode <span class=\"citation-6 citation-end-6\">constituera votre acceptation de la Politique de Confidentialit\u00e9 r\u00e9vis\u00e9e. Nous vous recommandons donc de consulter r\u00e9guli\u00e8rement cette<\/span> page.<\/p>\n<p data-sourcepos=\"13:1-13:51\"><strong><span class=\"citation-7\">Comment nous utilisons vos informations :<\/span><\/strong><\/p>\n<p data-sourcepos=\"15:1-15:96\"><span class=\"citation-7 citation-end-7\">Nous utiliserons les informations que nous recueillons \u00e0 votre sujet aux fins suivantes<\/span> :<\/p>\n<ul data-sourcepos=\"17:1-19:0\">\n<li data-sourcepos=\"17:1-17:12\">Assistance<\/li>\n<li data-sourcepos=\"18:1-19:0\"><span class=\"citation-8\">Informations administratives<\/span><\/li>\n<\/ul>\n<p data-sourcepos=\"20:1-20:329\"><span class=\"citation-8 citation-9 citation-end-8\">Si nous souhaitons utiliser vos informations \u00e0 d&rsquo;autres fins, nous vous demanderons votre consentement et<\/span><span class=\"citation-9 citation-end-9\"> n&rsquo;utiliserons vos informations qu&rsquo;apr\u00e8s avoir re\u00e7u votre consentement et<\/span> <span class=\"citation-10\">uniquement aux fins pour lesquelles vous avez donn\u00e9 votre consentement, \u00e0 moins que la loi ne nous oblige \u00e0 faire autrement.<\/span><\/p>\n<p data-sourcepos=\"22:1-22:46\"><strong><span class=\"citation-10\">Comment nous partageons vos informations :<\/span><\/strong><\/p>\n<p data-sourcepos=\"24:1-24:176\"><span class=\"citation-10 citation-end-10\">Nous ne<\/span> partagerons pas vos informations personnelles avec des tiers sans solliciter votre consentement, sauf dans les <span class=\"citation-11\">circonstances limit\u00e9es d\u00e9crites ci-dessous :<\/span><\/p>\n<ul data-sourcepos=\"26:1-28:0\">\n<li data-sourcepos=\"26:1-26:22\"><span class=\"citation-11\">Agences de marketing<\/span><\/li>\n<li data-sourcepos=\"27:1-28:0\"><span class=\"citation-11 citation-12\">Analytique<\/span><\/li>\n<\/ul>\n<p data-sourcepos=\"29:1-29:275\"><span class=\"citation-11 citation-12 citation-end-11\">Nous exigeons de ces tiers qu&rsquo;ils utilisent les informations personnelles que nous leur transf\u00e9rons<\/span><span class=\"citation-12 citation-end-12\"> uniquement aux fins pour lesquelles elles ont \u00e9t\u00e9<\/span> transf\u00e9r\u00e9es et qu&rsquo;ils <span class=\"citation-13\">ne les conservent pas plus longtemps que n\u00e9cessaire pour atteindre ladite finalit\u00e9.<\/span><\/p>\n<p data-sourcepos=\"31:1-31:574\"><span class=\"citation-13 citation-end-13\">Nous pouvons \u00e9galement divulguer vos informations personnelles<\/span> pour : (1) nous conformer \u00e0 la loi applicable, \u00e0 la r\u00e9glementation, \u00e0 une ordonnance d&rsquo;un tribunal ou \u00e0 toute autre proc\u00e9dure l\u00e9gale ; (2) faire appliquer <span class=\"citation-14\">vos accords avec nous, y compris cette Politique de <\/span><span class=\"citation-14 citation-15 citation-end-14\">Confidentialit\u00e9 ; ou (3) r\u00e9pondre \u00e0 des r\u00e9clamations selon lesquelles votre utilisation du Service<\/span><span class=\"citation-15 citation-end-15\"> viole les droits de tiers. Si le Service<\/span> ou notre entreprise fusionne avec ou est acquis par une autre entreprise, vos informations feront partie des actifs transf\u00e9r\u00e9s.<\/p>\n<p data-sourcepos=\"33:1-33:16\"><strong>Vos droits :<\/strong><\/p>\n<p data-sourcepos=\"35:1-35:615\">En vertu de la loi applicable, vous pouvez avoir le droit d&rsquo;acc\u00e9der \u00e0 vos informations personnelles, de les rectifier ou de les effacer, ou de recevoir une copie de vos informations <span class=\"citation-16 citation-end-16\">personnelles, de restreindre ou de vous opposer au traitement actif de vos donn\u00e9es, de nous demander de transf\u00e9rer vos informations personnelles \u00e0 une autre entit\u00e9<\/span> (portabilit\u00e9 des donn\u00e9es), <span class=\"citation-17 citation-end-17\">de retirer tout consentement que vous nous avez fourni pour traiter vos donn\u00e9es, de d\u00e9poser une plainte aupr\u00e8s d&rsquo;une autorit\u00e9<\/span> de surveillance et d&rsquo;exercer d&rsquo;autres droits pertinents en vertu des lois applicables.<\/p>\n<p data-sourcepos=\"37:1-37:148\">Pour exercer ces droits, vous pouvez nous contacter \u00e0 [info@leco-lager.com]. <span class=\"citation-18\">Nous r\u00e9pondrons \u00e0 votre demande conform\u00e9ment \u00e0 la loi applicable.<\/span><\/p>\n<p data-sourcepos=\"39:1-39:291\"><span class=\"citation-18\">Veuillez noter que si vous ne nous autorisez pas \u00e0 collecter ou \u00e0 <\/span><span class=\"citation-18 citation-19 citation-end-18\">traiter les informations personnelles requises ou si vous retirez votre consentement<\/span><span class=\"citation-19 citation-end-19\"> au traitement de ces informations aux fins requises,<\/span> vous ne pourrez peut-\u00eatre pas acc\u00e9der aux services ou les utiliser.<\/p>\n<p data-sourcepos=\"39:1-39:291\"><strong>Cookies, etc. :<\/strong><\/p>\n<p data-sourcepos=\"43:1-43:209\">Pour en savoir plus sur la mani\u00e8re dont nous utilisons ces technologies et sur les choix dont vous disposez concernant ces technologies de suivi, veuillez consulter <span class=\"citation-20\">notre Politique relative aux Cookies.<\/span><\/p>\n<p data-sourcepos=\"45:1-45:14\"><strong><span class=\"citation-20\">S\u00e9curit\u00e9 :<\/span><\/strong><\/p>\n<p data-sourcepos=\"47:1-47:548\"><span class=\"citation-20 citation-21 citation-end-20\">La s\u00e9curit\u00e9 de vos informations est importante pour nous et nous utiliserons des mesures de s\u00e9curit\u00e9<\/span><span class=\"citation-21\"> raisonnables pour emp\u00eacher la perte, l&rsquo;utilisation abusive ou la modification non <\/span><span class=\"citation-21 citation-22 citation-end-21\">autoris\u00e9e de vos informations sous notre contr\u00f4le. Cependant,<\/span><span class=\"citation-22 citation-end-22\"> compte tenu des risques inh\u00e9rents, nous ne pouvons pas garantir une s\u00e9curit\u00e9 absolue et, par cons\u00e9quent, nous ne pouvons pas assurer ou garantir la s\u00e9curit\u00e9<\/span> absolue des informations que vous nous transmettez. La transmission se fait donc <span class=\"citation-23\">\u00e0 vos propres risques.<\/span><span class=\"button-container hide-from-message-actions ng-star-inserted\"> \u00a0 <button class=\"mat-mdc-tooltip-trigger button image-fade-on hide-from-message-actions\" aria-controls=\"sources\" aria-expanded=\"false\" aria-describedby=\"cdk-describedby-message-ng-1-129\"><\/button><\/span><\/p>\n<p data-sourcepos=\"49:1-49:61\"><strong><span class=\"citation-23\">Liens vers des tiers et utilisation de vos informations :<\/span><\/strong><\/p>\n<p data-sourcepos=\"51:1-51:656\"><span class=\"citation-23 citation-end-23\">Notre Service peut contenir des liens vers d&rsquo;autres sites web qui ne sont pas exploit\u00e9s par nous. Cette Politique de Confidentialit\u00e9 ne s&rsquo;applique pas \u00e0 la politique de confidentialit\u00e9 et aux<\/span> <span class=\"citation-24 citation-end-24\">autres pratiques de tiers, y compris tout tiers exploitant un site web ou un service accessible via un lien sur le Service. Nous<\/span> vous encourageons fortement \u00e0 consulter <span class=\"citation-25\">la politique de confidentialit\u00e9 de chaque site web <\/span><span class=\"citation-25 citation-26 citation-end-25\">que vous visitez. Nous n&rsquo;avons aucun contr\u00f4le et n&rsquo;assumons aucune responsabilit\u00e9<\/span><span class=\"citation-26 citation-end-26\"> concernant le contenu, les politiques de confidentialit\u00e9 ou les pratiques des sites<\/span> web ou services de tiers.<\/p>\n<p data-sourcepos=\"51:1-51:656\"><strong>R\u00e9clamations \/ <span class=\"citation-27\">D\u00e9l\u00e9gu\u00e9 \u00e0 la protection des donn\u00e9es :<\/span><\/strong><\/p>\n<p data-sourcepos=\"55:1-55:247\"><span class=\"citation-27 citation-end-27\">Si vous avez des questions ou des pr\u00e9occupations concernant le traitement de vos informations disponibles chez nous,<\/span> veuillez envoyer un e-mail \u00e0 [info@leco-lager.com]. Nous r\u00e9pondrons \u00e0 vos pr\u00e9occupations conform\u00e9ment \u00e0 la loi applicable.<\/p>\n\t\t\t<\/div>\n\t\t<\/div>\n\t<\/div>\n<\/section>\n\n \n","protected":false},"excerpt":{"rendered":"","protected":false},"author":2,"featured_media":0,"parent":0,"menu_order":0,"comment_status":"closed","ping_status":"closed","template":"","meta":{"_acf_changed":false,"footnotes":""},"categories":[],"class_list":["post-256","page","type-page","status-publish","hentry"],"acf":[],"_links":{"self":[{"href":"https:\/\/leco-lager.com\/fr\/wp-json\/wp\/v2\/pages\/256","targetHints":{"allow":["GET"]}}],"collection":[{"href":"https:\/\/leco-lager.com\/fr\/wp-json\/wp\/v2\/pages"}],"about":[{"href":"https:\/\/leco-lager.com\/fr\/wp-json\/wp\/v2\/types\/page"}],"author":[{"embeddable":true,"href":"https:\/\/leco-lager.com\/fr\/wp-json\/wp\/v2\/users\/2"}],"replies":[{"embeddable":true,"href":"https:\/\/leco-lager.com\/fr\/wp-json\/wp\/v2\/comments?post=256"}],"version-history":[{"count":4,"href":"https:\/\/leco-lager.com\/fr\/wp-json\/wp\/v2\/pages\/256\/revisions"}],"predecessor-version":[{"id":274,"href":"https:\/\/leco-lager.com\/fr\/wp-json\/wp\/v2\/pages\/256\/revisions\/274"}],"wp:attachment":[{"href":"https:\/\/leco-lager.com\/fr\/wp-json\/wp\/v2\/media?parent=256"}],"wp:term":[{"taxonomy":"category","embeddable":true,"href":"https:\/\/leco-lager.com\/fr\/wp-json\/wp\/v2\/categories?post=256"}],"curies":[{"name":"wp","href":"https:\/\/api.w.org\/{rel}","templated":true}]}}