{"id":252,"date":"2025-03-27T12:15:49","date_gmt":"2025-03-27T12:15:49","guid":{"rendered":"https:\/\/leco-lager.com\/fugen\/"},"modified":"2025-03-28T13:44:25","modified_gmt":"2025-03-28T13:44:25","slug":"profiles","status":"publish","type":"page","link":"https:\/\/leco-lager.com\/fr\/profiles\/","title":{"rendered":"Profil\u00e9s"},"content":{"rendered":"\n<section class=\"block-1-freier-text\" style=\" padding-top: rem; padding-bottom: rem;\">\n\t\t<div class=\"row\">\n\t\t<div class=\"col-xs-12\">\n\t\t\t<div class=\"textWrap\">\n\t\t\t\t<h1 data-sourcepos=\"3:1-3:29\"><strong>Conseil Profil\u00e9s<\/strong><\/h1>\n<p data-sourcepos=\"5:1-5:447\">Vous recherchez un conseil comp\u00e9tent pour les profil\u00e9s de joints et les joints de chauss\u00e9e dans vos ouvrages de construction ? Nous sommes vos interlocuteurs exp\u00e9riment\u00e9s et d\u00e9veloppons la solution optimale pour une fonctionnalit\u00e9 et une s\u00e9curit\u00e9 durables. Notre conseil ind\u00e9pendant repose sur la s\u00e9lection des meilleurs produits disponibles afin de g\u00e9rer efficacement les dilatations thermiques, les charges de trafic et les mouvements sismiques.<\/p>\n\t\t\t<\/div>\n\t\t<\/div>\n\t<\/div>\n<\/section>\n\n \n\n\n<section class=\"block-3-bild\" style=\" padding-top: rem; padding-bottom: rem;\">\n\t\t<div class=\"imgWrap\">\n\t\t\t\t<img decoding=\"async\" src=\"https:\/\/leco-lager.com\/wp-content\/uploads\/2025\/03\/Fugen_Referenz-1170x405.jpg\" alt=\"\">\n\t<\/div>\n<\/section>\n\n \n\n\n<section class=\"block-1-freier-text\" style=\" padding-top: rem; padding-bottom: rem;\">\n\t\t<div class=\"row\">\n\t\t<div class=\"col-xs-12\">\n\t\t\t<div class=\"textWrap\">\n\t\t\t\t<h2 data-sourcepos=\"3:1-3:50\"><strong>La confiance par l&rsquo;exp\u00e9rience \u2013 Nos r\u00e9f\u00e9rences<\/strong><\/h2>\n<p data-sourcepos=\"5:1-5:435\">Chaque joint raconte une histoire : celle de la qualit\u00e9, de la pr\u00e9cision et d&rsquo;une longue exp\u00e9rience. Nos projets parlent d&rsquo;eux-m\u00eames \u2013 que ce soit dans l&rsquo;industrie, la construction ou la logistique. Vous trouverez ici une s\u00e9lection de r\u00e9f\u00e9rences r\u00e9ussies qui t\u00e9moignent de mani\u00e8re impressionnante de notre comp\u00e9tence dans le domaine de l&rsquo;\u00e9tanch\u00e9it\u00e9 et de la r\u00e9fection des joints. Laissez-vous inspirer et convaincre par notre travail !<\/p>\n\t\t\t<\/div>\n\t\t<\/div>\n\t<\/div>\n<\/section>\n\n \n\n\n\n<section class=\"block-2-bilder-mit-link\" style=\" padding-top: rem; padding-bottom: rem;\">\n\t\t<div class=\"flexRow\">\n\t\t\t\t\t\t<div class=\"col-xs-12 col-md-6 col-xl-4\">\n\t\t\t\t\t\t\t\t\t\t\t\t<div class=\"imgTitle\">\n\t\t\t\t\t\t\t\tParking \u00e0 \u00e9tages Stapfenstrasse 49, Berne \/ Profil\u00e9 de joint \u00e9tanche\t\t\t\t\t\t\t<\/div>\n\t\t\t\t\t\t\t<div class=\"imgWrap\">\n\t\t\t\t\t\t\t\t\t\t\t\t\t\t\t\t<img decoding=\"async\" src=\"https:\/\/leco-lager.com\/wp-content\/uploads\/2025\/03\/Referenzen_Fugen_-_Parkdeck1.png\" alt=\"\">\n\t\t\t\t\t\t\t<\/div>\n\t\t\t\t\t\t\t\t\t<\/div>\t\n\t\t\t\t\t\t\t<div class=\"col-xs-12 col-md-6 col-xl-4\">\n\t\t\t\t\t\t\t\t\t\t\t\t<div class=\"imgTitle\">\n\t\t\t\t\t\t\t\tA\u00e9roport de Zurich \/ Profil\u00e9 de joint \u00e9tanche et pour charges lourdes\t\t\t\t\t\t\t<\/div>\n\t\t\t\t\t\t\t<div class=\"imgWrap\">\n\t\t\t\t\t\t\t\t\t\t\t\t\t\t\t\t<img decoding=\"async\" src=\"https:\/\/leco-lager.com\/wp-content\/uploads\/2025\/03\/Referenzen_Fugen_-_Zurich_Flughafen1.png\" alt=\"\">\n\t\t\t\t\t\t\t<\/div>\n\t\t\t\t\t\t\t\t\t<\/div>\t\n\t\t\t\t\t\t\t<div class=\"col-xs-12 col-md-6 col-xl-4\">\n\t\t\t\t\t\t\t\t\t\t\t\t<div class=\"imgTitle\">\n\t\t\t\t\t\t\t\tA\u00e9roport de Zurich, Terminal Ferroviaire \/ Profil\u00e9 de joint \u00e9tanche\t\t\t\t\t\t\t<\/div>\n\t\t\t\t\t\t\t<div class=\"imgWrap\">\n\t\t\t\t\t\t\t\t\t\t\t\t\t\t\t\t<img decoding=\"async\" src=\"https:\/\/leco-lager.com\/wp-content\/uploads\/2025\/03\/Referenzen_Fugen_-_Zurich_Flughafen_Bahnhofterminal1.png\" alt=\"\">\n\t\t\t\t\t\t\t<\/div>\n\t\t\t\t\t\t\t\t\t<\/div>\t\n\t\t\t\t<\/div>\n<\/section>\n\n ","protected":false},"excerpt":{"rendered":"","protected":false},"author":2,"featured_media":0,"parent":0,"menu_order":0,"comment_status":"closed","ping_status":"closed","template":"","meta":{"_acf_changed":false,"footnotes":""},"categories":[12],"class_list":["post-252","page","type-page","status-publish","hentry","category-fugen-fr"],"acf":[],"_links":{"self":[{"href":"https:\/\/leco-lager.com\/fr\/wp-json\/wp\/v2\/pages\/252","targetHints":{"allow":["GET"]}}],"collection":[{"href":"https:\/\/leco-lager.com\/fr\/wp-json\/wp\/v2\/pages"}],"about":[{"href":"https:\/\/leco-lager.com\/fr\/wp-json\/wp\/v2\/types\/page"}],"author":[{"embeddable":true,"href":"https:\/\/leco-lager.com\/fr\/wp-json\/wp\/v2\/users\/2"}],"replies":[{"embeddable":true,"href":"https:\/\/leco-lager.com\/fr\/wp-json\/wp\/v2\/comments?post=252"}],"version-history":[{"count":5,"href":"https:\/\/leco-lager.com\/fr\/wp-json\/wp\/v2\/pages\/252\/revisions"}],"predecessor-version":[{"id":279,"href":"https:\/\/leco-lager.com\/fr\/wp-json\/wp\/v2\/pages\/252\/revisions\/279"}],"wp:attachment":[{"href":"https:\/\/leco-lager.com\/fr\/wp-json\/wp\/v2\/media?parent=252"}],"wp:term":[{"taxonomy":"category","embeddable":true,"href":"https:\/\/leco-lager.com\/fr\/wp-json\/wp\/v2\/categories?post=252"}],"curies":[{"name":"wp","href":"https:\/\/api.w.org\/{rel}","templated":true}]}}